{"id":12,"date":"2025-11-12T10:51:34","date_gmt":"2025-11-12T10:51:34","guid":{"rendered":"https:\/\/e-atlantics.com\/new\/?page_id=12"},"modified":"2025-12-11T14:14:49","modified_gmt":"2025-12-11T14:14:49","slug":"sobre-nos","status":"publish","type":"page","link":"https:\/\/e-atlantics.com\/en\/sobre-nos\/","title":{"rendered":"Our energy moves Portugal. We transform farms, businesses, and homes into more resilient, efficient, and sustainable structures."},"content":{"rendered":"<p>Founded in 2021 and headquartered in S\u00e3o Miguel, Azores, and Lisbon, Atlantic Energy operates throughout Portugal, ensuring efficiency and quality in the execution of each project.<\/p>\n\n\n\n<p>More than just installing solar panels, we offer complete and customized solutions that include photovoltaic systems, batteries, and ongoing technical support to maximize the performance of each installation.<\/p>\n\n\n\n<p>Integrated into the Atlantic Group, our mission is to achieve a prominent position in the national photovoltaic market, offering excellent services with world-class engineering standards.<\/p>","protected":false},"excerpt":{"rendered":"Fundada em 2021, com sede em S\u00e3o Miguel, A\u00e7ores, e em Lisboa, a Atlantic Energy atua em todo o territ\u00f3rio nacional, garantindo efici\u00eancia e qualidade na execu\u00e7\u00e3o de cada projeto. Mais do que instalar pain\u00e9is solares, oferecemos solu\u00e7\u00f5es completas e personalizadas que incluem sistemas fotovoltaicos, baterias e acompanhamento t\u00e9cnico cont\u00ednuo para maximizar o desempenho de&#8230; <a class=\"view-article\" href=\"https:\/\/e-atlantics.com\/en\/sobre-nos\/\">View Article<\/a>","protected":false},"author":1,"featured_media":44,"parent":0,"menu_order":0,"comment_status":"closed","ping_status":"closed","template":"page-sobre-nos.php","meta":{"footnotes":""},"class_list":["post-12","page","type-page","status-publish","has-post-thumbnail","hentry"],"_links":{"self":[{"href":"https:\/\/e-atlantics.com\/en\/wp-json\/wp\/v2\/pages\/12","targetHints":{"allow":["GET"]}}],"collection":[{"href":"https:\/\/e-atlantics.com\/en\/wp-json\/wp\/v2\/pages"}],"about":[{"href":"https:\/\/e-atlantics.com\/en\/wp-json\/wp\/v2\/types\/page"}],"author":[{"embeddable":true,"href":"https:\/\/e-atlantics.com\/en\/wp-json\/wp\/v2\/users\/1"}],"replies":[{"embeddable":true,"href":"https:\/\/e-atlantics.com\/en\/wp-json\/wp\/v2\/comments?post=12"}],"version-history":[{"count":1,"href":"https:\/\/e-atlantics.com\/en\/wp-json\/wp\/v2\/pages\/12\/revisions"}],"predecessor-version":[{"id":13,"href":"https:\/\/e-atlantics.com\/en\/wp-json\/wp\/v2\/pages\/12\/revisions\/13"}],"wp:featuredmedia":[{"embeddable":true,"href":"https:\/\/e-atlantics.com\/en\/wp-json\/wp\/v2\/media\/44"}],"wp:attachment":[{"href":"https:\/\/e-atlantics.com\/en\/wp-json\/wp\/v2\/media?parent=12"}],"curies":[{"name":"wp","href":"https:\/\/api.w.org\/{rel}","templated":true}]}}