{"id":249,"date":"2025-11-25T11:50:20","date_gmt":"2025-11-25T11:50:20","guid":{"rendered":"https:\/\/e-atlantics.com\/new\/?page_id=249"},"modified":"2025-11-28T16:02:37","modified_gmt":"2025-11-28T16:02:37","slug":"sistemas-fotovoltaicos","status":"publish","type":"page","link":"https:\/\/e-atlantics.com\/en\/sistemas-fotovoltaicos\/","title":{"rendered":"On-Grid, Off-Grid and Hybrid Photovoltaic Systems"},"content":{"rendered":"<p class=\"translation-block\"><strong>Solar photovoltaic energy<\/strong> (with photovoltaic systems) is the technology that converts sunlight into electricity in a simple, efficient, and 100% clean way. In a context of rising energy costs and depletion of fossil fuels, this solution has become the most accessible and sustainable option for families, businesses, and farms seeking to reduce their electricity bills and gain energy independence.<\/p>\n\n\n\n<p>Depending on the system chosen, energy can be consumed immediately or stored in batteries for use at night or during periods of lower radiation, always ensuring greater independence and predictability.<\/p>\n\n\n\n<p><\/p>","protected":false},"excerpt":{"rendered":"Energia Solar Fotovoltaica (com sistemas fotovoltaicos)\u00a0\u00e9 a tecnologia que converte a luz do sol em eletricidade de forma simples, eficiente e 100% limpa. Num contexto de aumento dos custos energ\u00e9ticos e esgotamento dos combust\u00edveis f\u00f3sseis, esta solu\u00e7\u00e3o tornou-se a op\u00e7\u00e3o mais acess\u00edvel e sustent\u00e1vel para fam\u00edlias, empresas e explora\u00e7\u00f5es agr\u00edcolas que procuram reduzir a fatura&#8230; <a class=\"view-article\" href=\"https:\/\/e-atlantics.com\/en\/sistemas-fotovoltaicos\/\">View Article<\/a>","protected":false},"author":2,"featured_media":138,"parent":0,"menu_order":0,"comment_status":"closed","ping_status":"closed","template":"page-solucao-solar.php","meta":{"footnotes":""},"class_list":["post-249","page","type-page","status-publish","has-post-thumbnail","hentry"],"_links":{"self":[{"href":"https:\/\/e-atlantics.com\/en\/wp-json\/wp\/v2\/pages\/249","targetHints":{"allow":["GET"]}}],"collection":[{"href":"https:\/\/e-atlantics.com\/en\/wp-json\/wp\/v2\/pages"}],"about":[{"href":"https:\/\/e-atlantics.com\/en\/wp-json\/wp\/v2\/types\/page"}],"author":[{"embeddable":true,"href":"https:\/\/e-atlantics.com\/en\/wp-json\/wp\/v2\/users\/2"}],"replies":[{"embeddable":true,"href":"https:\/\/e-atlantics.com\/en\/wp-json\/wp\/v2\/comments?post=249"}],"version-history":[{"count":11,"href":"https:\/\/e-atlantics.com\/en\/wp-json\/wp\/v2\/pages\/249\/revisions"}],"predecessor-version":[{"id":273,"href":"https:\/\/e-atlantics.com\/en\/wp-json\/wp\/v2\/pages\/249\/revisions\/273"}],"wp:featuredmedia":[{"embeddable":true,"href":"https:\/\/e-atlantics.com\/en\/wp-json\/wp\/v2\/media\/138"}],"wp:attachment":[{"href":"https:\/\/e-atlantics.com\/en\/wp-json\/wp\/v2\/media?parent=249"}],"curies":[{"name":"wp","href":"https:\/\/api.w.org\/{rel}","templated":true}]}}