{"id":3,"date":"2025-11-06T12:44:40","date_gmt":"2025-11-06T12:44:40","guid":{"rendered":"https:\/\/e-atlantics.com\/new\/?page_id=3"},"modified":"2025-11-20T17:36:05","modified_gmt":"2025-11-20T17:36:05","slug":"politica-privacidade","status":"publish","type":"page","link":"https:\/\/e-atlantics.com\/en\/politica-privacidade\/","title":{"rendered":"Pol\u00edtica de privacidade"},"content":{"rendered":"<p>Esta Pol\u00edtica de Privacidade e Cookies explica o que s\u00e3o Cookies e como os utilizamos. O utilizador deve ler esta pol\u00edtica para compreender que tipo de cookies utilizamos, ou a informa\u00e7\u00e3o que recolhemos atrav\u00e9s dos Cookies e como essa informa\u00e7\u00e3o \u00e9 utilizada. Esta Pol\u00edtica de Cookies foi criada com a ajuda do Free Cookies Policy Generator.<\/p>\n\n\n\n<p>Normalmente, os cookies n\u00e3o cont\u00eam qualquer informa\u00e7\u00e3o que identifique pessoalmente um utilizador, mas as informa\u00e7\u00f5es pessoais que armazenamos sobre o Utilizador podem estar ligadas \u00e0s informa\u00e7\u00f5es armazenadas e obtidas a partir dos cookies. Para mais informa\u00e7\u00f5es sobre a forma como utilizamos, armazenamos e mantemos os dados pessoais do utilizador em seguran\u00e7a, consulte a nossa Pol\u00edtica de Privacidade.<\/p>\n\n\n\n<p>N\u00e3o armazenamos informa\u00e7\u00f5es pessoais sens\u00edveis, tais como endere\u00e7os de correio, palavras-passe de contas, etc., nos cookies que utilizamos.<\/p>\n\n\n\n<h2 class=\"wp-block-heading\">Interpreta\u00e7\u00e3o e defini\u00e7\u00f5es<\/h2>\n\n\n\n<h3 class=\"wp-block-heading\">Interpreta\u00e7\u00e3o<\/h3>\n\n\n\n<p>As palavras cuja letra inicial \u00e9 mai\u00fascula t\u00eam significados definidos nas seguintes condi\u00e7\u00f5es. As defini\u00e7\u00f5es seguintes t\u00eam o mesmo significado, independentemente do facto de aparecerem no singular ou no plural.<\/p>\n\n\n\n<h3 class=\"wp-block-heading\">Defini\u00e7\u00f5es<\/h3>\n\n\n\n<p>Para efeitos da presente Pol\u00edtica de Cookies:<br><br>&#8211; Empresa (referida como \u201ca Empresa\u201d, \u201cN\u00f3s\u201d, \u201cNos\u201d ou \u201cNosso\u201d na presente Pol\u00edtica de Cookies) refere-se \u00e0 E-Atlantics.\uf0b7<br>&#8211; Cookies s\u00e3o pequenos ficheiros que s\u00e3o colocados no seu computador, dispositivo m\u00f3vel ou qualquer outro dispositivo por um s\u00edtio Web, contendo detalhes do seu hist\u00f3rico de navega\u00e7\u00e3o nesse s\u00edtio Web, entre as suas muitas utiliza\u00e7\u00f5es.<br>&#8211; O s\u00edtio Web remete para o E-Atlantics, acess\u00edvel a partir de https:\/\/e-atlantics.com<br>&#8211; O utilizador significa o indiv\u00edduo que acede ou utiliza o Website, ou uma empresa, ouqualquer entidade legal em nome da qual esse indiv\u00edduo acede ou utiliza o Website, conforme aplic\u00e1vel.<\/p>\n\n\n\n<h2 class=\"wp-block-heading\">A utiliza\u00e7\u00e3o dos Cookies<\/h2>\n\n\n\n<h3 class=\"wp-block-heading\">Tipos de Cookies que utilizamos<\/h3>\n\n\n\n<p>Os cookies podem ser cookies \u201cpersistentes\u201d ou de \u201csess\u00e3o\u201d. Os cookies persistentes permanecem no seu computador pessoal ou dispositivo m\u00f3vel quando fica offline, enquanto os cookies de sess\u00e3o s\u00e3o eliminados assim que fecha o seu browser.Utilizamos cookies de sess\u00e3o e persistentes para os fins abaixo indicados:<\/p>\n\n\n\n<h4 class=\"wp-block-heading\">Cookies necess\u00e1rios \/ essenciais<\/h4>\n\n\n\n<p>Tipo: Cookies de sess\u00e3o<br>Administrado por: N\u00f3s<br>\u200d<br>Objetivo: Estes cookies s\u00e3o essenciais para fornecer ao utilizador os servi\u00e7os dispon\u00edveis atrav\u00e9s do s\u00edtio Web e para lhe permitir utilizar algumas das suas funcionalidades. Ajudam a autenticar os utilizadores e a evitar a utiliza\u00e7\u00e3o fraudulenta das contas de utilizador. Sem estes Cookies, os servi\u00e7os que o Utilizador solicitou n\u00e3o podem ser fornecidos, e n\u00f3s s\u00f3 utilizamos estes Cookies para fornecer esses servi\u00e7os ao Utilizador.<\/p>\n\n\n\n<h4 class=\"wp-block-heading\">Cookies de funcionalidade<\/h4>\n\n\n\n<p>Tipo: Cookies persistentes<br>Administrado por: N\u00f3s<br>\u200d<br>Objetivo: Estes cookies permitem-nos recordar as escolhas que o Utilizador faz quando utiliza o Web site, tais como recordar os seus dados de in\u00edcio de sess\u00e3o ou a prefer\u00eancia de idioma. O objetivo destes Cookies \u00e9 proporcionar ao Utilizador uma experi\u00eancia mais pessoal e evitar que tenha de voltar a introduzir as suas prefer\u00eancias sempre que utiliza o Website.<\/p>\n\n\n\n<h3 class=\"wp-block-heading\">As suas escolhas relativamente aos Cookies<\/h3>\n\n\n\n<p>Se o Utilizador preferir evitar a utiliza\u00e7\u00e3o de Cookies no S\u00edtio Web, deve, em primeiro lugar, desativar a utiliza\u00e7\u00e3o de Cookies no seu browser e, em seguida, apagar os Cookies guardados no seu browser associados a este s\u00edtio Web. O Utilizador pode utilizar esta op\u00e7\u00e3o para impedir a utiliza\u00e7\u00e3o de Cookies em qualquer altura.<\/p>\n\n\n\n<p>Se o Utilizador n\u00e3o aceitar os nossos cookies, poder\u00e1 ter alguns inconvenientes na utiliza\u00e7\u00e3o do Web site e algumas funcionalidades poder\u00e3o n\u00e3o funcionar corretamente.<\/p>\n\n\n\n<p>Se pretender apagar os cookies ou dar instru\u00e7\u00f5es ao seu browser para apagar ou recusar cookies, visite as p\u00e1ginas de ajuda do seu browser.<br><br>Para o navegador Web Chrome, visite esta p\u00e1gina da Google: https:\/\/support.google.com\/accounts\/answer\/32050<br>Para o navegador Web Internet Explorer, visite esta p\u00e1gina da Microsoft: http:\/\/support.microsoft.com\/kb\/278835<br>Para o navegador web Firefox, visite esta p\u00e1gina da Mozilla: https:\/\/support.mozilla.org\/en-US\/kb\/delete-cookies-remove-info-websites-stored<br>Para o navegador Safari, visite esta p\u00e1gina da Apple: https:\/\/support.apple.com\/guide\/safari\/manage-cookies-and-website-data- sfri11471\/mac<\/p>\n\n\n\n<p>Para qualquer outro navegador Web, visite as p\u00e1ginas Web oficiais do seu navegador Web.<\/p>\n\n\n\n<h3 class=\"wp-block-heading\">Mais informa\u00e7\u00f5es sobre cookies<\/h3>\n\n\n\n<p>Se tiver alguma d\u00favida sobre esta Pol\u00edtica de Cookies, pode contactar-nos: \uf0b7 Por correio eletr\u00f3nico: geral@e-atlantics.com<\/p>","protected":false},"excerpt":{"rendered":"Esta Pol\u00edtica de Privacidade e Cookies explica o que s\u00e3o Cookies e como os utilizamos. O utilizador deve ler esta pol\u00edtica para compreender que tipo de cookies utilizamos, ou a informa\u00e7\u00e3o que recolhemos atrav\u00e9s dos Cookies e como essa informa\u00e7\u00e3o \u00e9 utilizada. Esta Pol\u00edtica de Cookies foi criada com a ajuda do Free Cookies Policy&#8230; <a class=\"view-article\" href=\"https:\/\/e-atlantics.com\/en\/politica-privacidade\/\">View Article<\/a>","protected":false},"author":1,"featured_media":19,"parent":0,"menu_order":0,"comment_status":"closed","ping_status":"open","template":"page-politica-de-cookies-e-de-privacidade.php","meta":{"footnotes":""},"class_list":["post-3","page","type-page","status-publish","has-post-thumbnail","hentry"],"_links":{"self":[{"href":"https:\/\/e-atlantics.com\/en\/wp-json\/wp\/v2\/pages\/3","targetHints":{"allow":["GET"]}}],"collection":[{"href":"https:\/\/e-atlantics.com\/en\/wp-json\/wp\/v2\/pages"}],"about":[{"href":"https:\/\/e-atlantics.com\/en\/wp-json\/wp\/v2\/types\/page"}],"author":[{"embeddable":true,"href":"https:\/\/e-atlantics.com\/en\/wp-json\/wp\/v2\/users\/1"}],"replies":[{"embeddable":true,"href":"https:\/\/e-atlantics.com\/en\/wp-json\/wp\/v2\/comments?post=3"}],"version-history":[{"count":3,"href":"https:\/\/e-atlantics.com\/en\/wp-json\/wp\/v2\/pages\/3\/revisions"}],"predecessor-version":[{"id":188,"href":"https:\/\/e-atlantics.com\/en\/wp-json\/wp\/v2\/pages\/3\/revisions\/188"}],"wp:featuredmedia":[{"embeddable":true,"href":"https:\/\/e-atlantics.com\/en\/wp-json\/wp\/v2\/media\/19"}],"wp:attachment":[{"href":"https:\/\/e-atlantics.com\/en\/wp-json\/wp\/v2\/media?parent=3"}],"curies":[{"name":"wp","href":"https:\/\/api.w.org\/{rel}","templated":true}]}}