{"id":60,"date":"2025-11-12T13:45:27","date_gmt":"2025-11-12T13:45:27","guid":{"rendered":"https:\/\/e-atlantics.com\/new\/?page_id=60"},"modified":"2025-11-20T17:26:12","modified_gmt":"2025-11-20T17:26:12","slug":"pdia","status":"publish","type":"page","link":"https:\/\/e-atlantics.com\/en\/pdia\/","title":{"rendered":"Protocol for Decarbonizing the Agricultural Industry (PDIA)"},"content":{"rendered":"<p>We are the solar energy company in the Azores that pays the most attention to agricultural producers because we know they are the engine of our economy and without them nothing would be possible. Since 2022, we have been committed to working with the dairy and agricultural sectors in the Azores. We signed the first decarbonization project for the dairy industry with Prolacto (Agricultural Industry Decarbonization Protocol (PDIA)). This project has benefited and transformed more than 15 dairy producers.<\/p>","protected":false},"excerpt":{"rendered":"Somos a empresa de energia solar nos A\u00e7ores que mais aten\u00e7\u00e3o d\u00e1 aos produtores agr\u00edcolas porque sabemos que s\u00e3o o motor da nossa economia e sem eles nada seria poss\u00edvel. Desde 2022 temos assumido o compromisso de trabalhar junto ao setor leiteiro e agr\u00edcola nos A\u00e7ores. Assinamos o primeiro projeto de descarboniza\u00e7\u00e3o da ind\u00fastria leiteira&#8230; <a class=\"view-article\" href=\"https:\/\/e-atlantics.com\/en\/pdia\/\">View Article<\/a>","protected":false},"author":1,"featured_media":28,"parent":0,"menu_order":0,"comment_status":"closed","ping_status":"closed","template":"page-pdia.php","meta":{"footnotes":""},"class_list":["post-60","page","type-page","status-publish","has-post-thumbnail","hentry"],"_links":{"self":[{"href":"https:\/\/e-atlantics.com\/en\/wp-json\/wp\/v2\/pages\/60","targetHints":{"allow":["GET"]}}],"collection":[{"href":"https:\/\/e-atlantics.com\/en\/wp-json\/wp\/v2\/pages"}],"about":[{"href":"https:\/\/e-atlantics.com\/en\/wp-json\/wp\/v2\/types\/page"}],"author":[{"embeddable":true,"href":"https:\/\/e-atlantics.com\/en\/wp-json\/wp\/v2\/users\/1"}],"replies":[{"embeddable":true,"href":"https:\/\/e-atlantics.com\/en\/wp-json\/wp\/v2\/comments?post=60"}],"version-history":[{"count":2,"href":"https:\/\/e-atlantics.com\/en\/wp-json\/wp\/v2\/pages\/60\/revisions"}],"predecessor-version":[{"id":183,"href":"https:\/\/e-atlantics.com\/en\/wp-json\/wp\/v2\/pages\/60\/revisions\/183"}],"wp:featuredmedia":[{"embeddable":true,"href":"https:\/\/e-atlantics.com\/en\/wp-json\/wp\/v2\/media\/28"}],"wp:attachment":[{"href":"https:\/\/e-atlantics.com\/en\/wp-json\/wp\/v2\/media?parent=60"}],"curies":[{"name":"wp","href":"https:\/\/api.w.org\/{rel}","templated":true}]}}