{"id":63,"date":"2025-11-12T15:08:42","date_gmt":"2025-11-12T15:08:42","guid":{"rendered":"https:\/\/e-atlantics.com\/new\/?page_id=63"},"modified":"2025-11-25T10:09:41","modified_gmt":"2025-11-25T10:09:41","slug":"perguntas-frequentes","status":"publish","type":"page","link":"https:\/\/e-atlantics.com\/en\/perguntas-frequentes\/","title":{"rendered":"Frequently asked questions about solar panels"},"content":{"rendered":"<p>Sabemos que, ao considerar investir em energia solar, surgem naturalmente v\u00e1rias d\u00favidas e na Atlantic Energy, acreditamos que a informa\u00e7\u00e3o \u00e9 a base da confian\u00e7a.<br><\/p>\n\n\n\n<p>Por isso, reunimos as perguntas mais frequentes dos nossos clientes, com respostas diretas e esclarecedoras.<\/p>","protected":false},"excerpt":{"rendered":"Sabemos que, ao considerar investir em energia solar, surgem naturalmente v\u00e1rias d\u00favidas e na Atlantic Energy, acreditamos que a informa\u00e7\u00e3o \u00e9 a base da confian\u00e7a. Por isso, reunimos as perguntas mais frequentes dos nossos clientes, com respostas diretas e esclarecedoras.","protected":false},"author":1,"featured_media":66,"parent":0,"menu_order":0,"comment_status":"closed","ping_status":"closed","template":"page-perguntas-frequentes.php","meta":{"footnotes":""},"class_list":["post-63","page","type-page","status-publish","has-post-thumbnail","hentry"],"_links":{"self":[{"href":"https:\/\/e-atlantics.com\/en\/wp-json\/wp\/v2\/pages\/63","targetHints":{"allow":["GET"]}}],"collection":[{"href":"https:\/\/e-atlantics.com\/en\/wp-json\/wp\/v2\/pages"}],"about":[{"href":"https:\/\/e-atlantics.com\/en\/wp-json\/wp\/v2\/types\/page"}],"author":[{"embeddable":true,"href":"https:\/\/e-atlantics.com\/en\/wp-json\/wp\/v2\/users\/1"}],"replies":[{"embeddable":true,"href":"https:\/\/e-atlantics.com\/en\/wp-json\/wp\/v2\/comments?post=63"}],"version-history":[{"count":4,"href":"https:\/\/e-atlantics.com\/en\/wp-json\/wp\/v2\/pages\/63\/revisions"}],"predecessor-version":[{"id":218,"href":"https:\/\/e-atlantics.com\/en\/wp-json\/wp\/v2\/pages\/63\/revisions\/218"}],"wp:featuredmedia":[{"embeddable":true,"href":"https:\/\/e-atlantics.com\/en\/wp-json\/wp\/v2\/media\/66"}],"wp:attachment":[{"href":"https:\/\/e-atlantics.com\/en\/wp-json\/wp\/v2\/media?parent=63"}],"curies":[{"name":"wp","href":"https:\/\/api.w.org\/{rel}","templated":true}]}}