{"id":67,"date":"2025-11-12T15:13:30","date_gmt":"2025-11-12T15:13:30","guid":{"rendered":"https:\/\/e-atlantics.com\/new\/?page_id=67"},"modified":"2025-12-09T12:57:23","modified_gmt":"2025-12-09T12:57:23","slug":"solucoes-por-setor","status":"publish","type":"page","link":"https:\/\/e-atlantics.com\/en\/solucoes-por-setor\/","title":{"rendered":"Solar Energy Solutions by Sector"},"content":{"rendered":"<p>The right energy for every business.<\/p>\n\n\n\n<p>While energy prices rise and fossil fuels dwindle, the sun continues to offer an inexhaustible, clean, and free source of energy. In recent years, solar photovoltaic energy has become the most efficient and accessible technology for those seeking to reduce costs, increase energy independence, and contribute to a sustainable future.<\/p>\n\n\n\n<p><\/p>","protected":false},"excerpt":{"rendered":"A energia certa para cada neg\u00f3cio Enquanto os pre\u00e7os da energia sobem e os recursos f\u00f3sseis se esgotam, o sol continua a oferecer uma fonte inesgot\u00e1vel, limpa e gratuita de energia. A energia solar fotovoltaica transformou-se, nos \u00faltimos anos, na tecnologia mais eficiente e acess\u00edvel para quem procura reduzir custos, aumentar a independ\u00eancia energ\u00e9tica e&#8230; <a class=\"view-article\" href=\"https:\/\/e-atlantics.com\/en\/solucoes-por-setor\/\">View Article<\/a>","protected":false},"author":1,"featured_media":294,"parent":0,"menu_order":0,"comment_status":"closed","ping_status":"closed","template":"page-solucoes-por-setor.php","meta":{"footnotes":""},"class_list":["post-67","page","type-page","status-publish","has-post-thumbnail","hentry"],"_links":{"self":[{"href":"https:\/\/e-atlantics.com\/en\/wp-json\/wp\/v2\/pages\/67","targetHints":{"allow":["GET"]}}],"collection":[{"href":"https:\/\/e-atlantics.com\/en\/wp-json\/wp\/v2\/pages"}],"about":[{"href":"https:\/\/e-atlantics.com\/en\/wp-json\/wp\/v2\/types\/page"}],"author":[{"embeddable":true,"href":"https:\/\/e-atlantics.com\/en\/wp-json\/wp\/v2\/users\/1"}],"replies":[{"embeddable":true,"href":"https:\/\/e-atlantics.com\/en\/wp-json\/wp\/v2\/comments?post=67"}],"version-history":[{"count":8,"href":"https:\/\/e-atlantics.com\/en\/wp-json\/wp\/v2\/pages\/67\/revisions"}],"predecessor-version":[{"id":236,"href":"https:\/\/e-atlantics.com\/en\/wp-json\/wp\/v2\/pages\/67\/revisions\/236"}],"wp:featuredmedia":[{"embeddable":true,"href":"https:\/\/e-atlantics.com\/en\/wp-json\/wp\/v2\/media\/294"}],"wp:attachment":[{"href":"https:\/\/e-atlantics.com\/en\/wp-json\/wp\/v2\/media?parent=67"}],"curies":[{"name":"wp","href":"https:\/\/api.w.org\/{rel}","templated":true}]}}