{"id":86,"date":"2025-11-12T16:38:20","date_gmt":"2025-11-12T16:38:20","guid":{"rendered":"https:\/\/e-atlantics.com\/new\/?page_id=86"},"modified":"2026-02-05T15:03:15","modified_gmt":"2026-02-05T15:03:15","slug":"sobre-o-atlantic-group","status":"publish","type":"page","link":"https:\/\/e-atlantics.com\/en\/sobre-o-atlantic-group\/","title":{"rendered":"About the Atlantic Group"},"content":{"rendered":"<p class=\"translation-block\">The <strong>Atlantic Group<\/strong> is a business ecosystem that brings together different areas of expertise with a common purpose: to support companies and communities to grow sustainably, innovatively, and competitively.<\/p>","protected":false},"excerpt":{"rendered":"O Atlantic Group \u00e9 um ecossistema empresarial que re\u00fane diferentes \u00e1reas de especializa\u00e7\u00e3o com um prop\u00f3sito comum: apoiar empresas e comunidades a crescer de forma sustent\u00e1vel, inovadora e competitiva.","protected":false},"author":1,"featured_media":28,"parent":0,"menu_order":0,"comment_status":"closed","ping_status":"closed","template":"page-atlantic-group.php","meta":{"footnotes":""},"class_list":["post-86","page","type-page","status-publish","has-post-thumbnail","hentry"],"_links":{"self":[{"href":"https:\/\/e-atlantics.com\/en\/wp-json\/wp\/v2\/pages\/86","targetHints":{"allow":["GET"]}}],"collection":[{"href":"https:\/\/e-atlantics.com\/en\/wp-json\/wp\/v2\/pages"}],"about":[{"href":"https:\/\/e-atlantics.com\/en\/wp-json\/wp\/v2\/types\/page"}],"author":[{"embeddable":true,"href":"https:\/\/e-atlantics.com\/en\/wp-json\/wp\/v2\/users\/1"}],"replies":[{"embeddable":true,"href":"https:\/\/e-atlantics.com\/en\/wp-json\/wp\/v2\/comments?post=86"}],"version-history":[{"count":1,"href":"https:\/\/e-atlantics.com\/en\/wp-json\/wp\/v2\/pages\/86\/revisions"}],"predecessor-version":[{"id":87,"href":"https:\/\/e-atlantics.com\/en\/wp-json\/wp\/v2\/pages\/86\/revisions\/87"}],"wp:featuredmedia":[{"embeddable":true,"href":"https:\/\/e-atlantics.com\/en\/wp-json\/wp\/v2\/media\/28"}],"wp:attachment":[{"href":"https:\/\/e-atlantics.com\/en\/wp-json\/wp\/v2\/media?parent=86"}],"curies":[{"name":"wp","href":"https:\/\/api.w.org\/{rel}","templated":true}]}}