{"id":91,"date":"2025-11-12T16:45:00","date_gmt":"2025-11-12T16:45:00","guid":{"rendered":"https:\/\/e-atlantics.com\/new\/?page_id=91"},"modified":"2025-11-20T17:23:20","modified_gmt":"2025-11-20T17:23:20","slug":"contactos","status":"publish","type":"page","link":"https:\/\/e-atlantics.com\/en\/contactos\/","title":{"rendered":"Contact Atlantic Energy \u2013 Talk to Us About Solar Panels"},"content":{"rendered":"<p><\/p>\n\n\n\n<p>Fale com a Atlantic Energy para estudar, instalar ou financiar o seu sistema de pain\u00e9is solares. Contactos, email, telefone e hor\u00e1rio de atendimento. Pe\u00e7a o seu estudo gratuito.<\/p>\n\n\n\n<p><\/p>","protected":false},"excerpt":{"rendered":"Fale com a Atlantic Energy para estudar, instalar ou financiar o seu sistema de pain\u00e9is solares. Contactos, email, telefone e hor\u00e1rio de atendimento. Pe\u00e7a o seu estudo gratuito.","protected":false},"author":1,"featured_media":26,"parent":0,"menu_order":0,"comment_status":"closed","ping_status":"closed","template":"page-contactos.php","meta":{"footnotes":""},"class_list":["post-91","page","type-page","status-publish","has-post-thumbnail","hentry"],"_links":{"self":[{"href":"https:\/\/e-atlantics.com\/en\/wp-json\/wp\/v2\/pages\/91","targetHints":{"allow":["GET"]}}],"collection":[{"href":"https:\/\/e-atlantics.com\/en\/wp-json\/wp\/v2\/pages"}],"about":[{"href":"https:\/\/e-atlantics.com\/en\/wp-json\/wp\/v2\/types\/page"}],"author":[{"embeddable":true,"href":"https:\/\/e-atlantics.com\/en\/wp-json\/wp\/v2\/users\/1"}],"replies":[{"embeddable":true,"href":"https:\/\/e-atlantics.com\/en\/wp-json\/wp\/v2\/comments?post=91"}],"version-history":[{"count":4,"href":"https:\/\/e-atlantics.com\/en\/wp-json\/wp\/v2\/pages\/91\/revisions"}],"predecessor-version":[{"id":182,"href":"https:\/\/e-atlantics.com\/en\/wp-json\/wp\/v2\/pages\/91\/revisions\/182"}],"wp:featuredmedia":[{"embeddable":true,"href":"https:\/\/e-atlantics.com\/en\/wp-json\/wp\/v2\/media\/26"}],"wp:attachment":[{"href":"https:\/\/e-atlantics.com\/en\/wp-json\/wp\/v2\/media?parent=91"}],"curies":[{"name":"wp","href":"https:\/\/api.w.org\/{rel}","templated":true}]}}